{"id":1429,"date":"2023-08-12T22:50:19","date_gmt":"2023-08-12T20:50:19","guid":{"rendered":"http:\/\/records-sports.be\/?page_id=1429"},"modified":"2023-09-28T18:19:14","modified_gmt":"2023-09-28T16:19:14","slug":"gym-danse","status":"publish","type":"page","link":"https:\/\/records-sports.be\/?page_id=1429","title":{"rendered":"Sport de raquette"},"content":{"rendered":"\t\t<div data-elementor-type=\"wp-page\" data-elementor-id=\"1429\" class=\"elementor elementor-1429\" data-elementor-post-type=\"page\">\n\t\t\t\t\t\t\t\t\t<section class=\"elementor-section elementor-top-section elementor-element elementor-element-33430b2 elementor-section-full_width elementor-section-height-default elementor-section-height-default\" data-id=\"33430b2\" data-element_type=\"section\" data-settings=\"{&quot;background_background&quot;:&quot;classic&quot;}\">\n\t\t\t\t\t\t<div class=\"elementor-container elementor-column-gap-no\">\n\t\t\t\t\t<div class=\"elementor-column elementor-col-100 elementor-top-column elementor-element elementor-element-9153428\" data-id=\"9153428\" data-element_type=\"column\">\n\t\t\t<div class=\"elementor-widget-wrap elementor-element-populated\">\n\t\t\t\t\t\t\t\t<div class=\"elementor-element elementor-element-d8fdb9e elementor-widget-mobile__width-initial elementor-invisible elementor-widget elementor-widget-heading\" data-id=\"d8fdb9e\" data-element_type=\"widget\" data-settings=\"{&quot;_animation&quot;:&quot;bounceInDown&quot;}\" data-widget_type=\"heading.default\">\n\t\t\t\t<div class=\"elementor-widget-container\">\n\t\t\t<style>\/*! elementor - v3.13.0 - 08-05-2023 *\/\n.elementor-heading-title{padding:0;margin:0;line-height:1}.elementor-widget-heading .elementor-heading-title[class*=elementor-size-]>a{color:inherit;font-size:inherit;line-height:inherit}.elementor-widget-heading .elementor-heading-title.elementor-size-small{font-size:15px}.elementor-widget-heading .elementor-heading-title.elementor-size-medium{font-size:19px}.elementor-widget-heading .elementor-heading-title.elementor-size-large{font-size:29px}.elementor-widget-heading .elementor-heading-title.elementor-size-xl{font-size:39px}.elementor-widget-heading .elementor-heading-title.elementor-size-xxl{font-size:59px}<\/style><h2 class=\"elementor-heading-title elementor-size-xxl\">Sport de raquette<\/h2>\t\t<\/div>\n\t\t\t\t<\/div>\n\t\t\t\t\t<\/div>\n\t\t<\/div>\n\t\t\t\t\t\t\t<\/div>\n\t\t<\/section>\n\t\t\t\t<section class=\"elementor-section elementor-top-section elementor-element elementor-element-d24fd38 elementor-section-boxed elementor-section-height-default elementor-section-height-default\" data-id=\"d24fd38\" data-element_type=\"section\">\n\t\t\t\t\t\t<div class=\"elementor-container elementor-column-gap-no\">\n\t\t\t\t\t<div class=\"elementor-column elementor-col-50 elementor-top-column elementor-element elementor-element-7e46612\" data-id=\"7e46612\" data-element_type=\"column\">\n\t\t\t<div class=\"elementor-widget-wrap elementor-element-populated\">\n\t\t\t\t\t\t\t\t<div class=\"elementor-element elementor-element-f6926b0 elementor-invisible elementor-widget elementor-widget-image\" data-id=\"f6926b0\" data-element_type=\"widget\" data-settings=\"{&quot;_animation&quot;:&quot;fadeInLeft&quot;}\" data-widget_type=\"image.default\">\n\t\t\t\t<div class=\"elementor-widget-container\">\n\t\t\t<style>\/*! elementor - v3.13.0 - 08-05-2023 *\/\n.elementor-widget-image{text-align:center}.elementor-widget-image a{display:inline-block}.elementor-widget-image a img[src$=\".svg\"]{width:48px}.elementor-widget-image img{vertical-align:middle;display:inline-block}<\/style>\t\t\t\t\t\t\t\t\t\t\t\t<img decoding=\"async\" loading=\"lazy\" width=\"768\" height=\"1024\" src=\"https:\/\/records-sports.be\/wp-content\/uploads\/2023\/08\/20230812_130335-768x1024.jpg\" class=\"attachment-large size-large wp-image-1432\" alt=\"\" srcset=\"https:\/\/records-sports.be\/wp-content\/uploads\/2023\/08\/20230812_130335-768x1024.jpg 768w, https:\/\/records-sports.be\/wp-content\/uploads\/2023\/08\/20230812_130335-225x300.jpg 225w, https:\/\/records-sports.be\/wp-content\/uploads\/2023\/08\/20230812_130335-1152x1536.jpg 1152w, https:\/\/records-sports.be\/wp-content\/uploads\/2023\/08\/20230812_130335-1536x2048.jpg 1536w, https:\/\/records-sports.be\/wp-content\/uploads\/2023\/08\/20230812_130335-600x800.jpg 600w, https:\/\/records-sports.be\/wp-content\/uploads\/2023\/08\/20230812_130335-scaled.jpg 1920w\" sizes=\"(max-width: 768px) 100vw, 768px\" \/>\t\t\t\t\t\t\t\t\t\t\t\t\t\t\t<\/div>\n\t\t\t\t<\/div>\n\t\t\t\t\t<\/div>\n\t\t<\/div>\n\t\t\t\t<div class=\"elementor-column elementor-col-50 elementor-top-column elementor-element elementor-element-2ed9b6f\" data-id=\"2ed9b6f\" data-element_type=\"column\">\n\t\t\t<div class=\"elementor-widget-wrap elementor-element-populated\">\n\t\t\t\t\t\t\t\t<div class=\"elementor-element elementor-element-f6a7c5d elementor-invisible elementor-widget elementor-widget-heading\" data-id=\"f6a7c5d\" data-element_type=\"widget\" data-settings=\"{&quot;_animation&quot;:&quot;bounceInRight&quot;}\" data-widget_type=\"heading.default\">\n\t\t\t\t<div class=\"elementor-widget-container\">\n\t\t\t<h2 class=\"elementor-heading-title elementor-size-default\">Sport de raquette<\/h2>\t\t<\/div>\n\t\t\t\t<\/div>\n\t\t\t\t<div class=\"elementor-element elementor-element-53198d2 elementor-widget elementor-widget-text-editor\" data-id=\"53198d2\" data-element_type=\"widget\" data-widget_type=\"text-editor.default\">\n\t\t\t\t<div class=\"elementor-widget-container\">\n\t\t\t<style>\/*! elementor - v3.13.0 - 08-05-2023 *\/\n.elementor-widget-text-editor.elementor-drop-cap-view-stacked .elementor-drop-cap{background-color:#69727d;color:#fff}.elementor-widget-text-editor.elementor-drop-cap-view-framed .elementor-drop-cap{color:#69727d;border:3px solid;background-color:transparent}.elementor-widget-text-editor:not(.elementor-drop-cap-view-default) .elementor-drop-cap{margin-top:8px}.elementor-widget-text-editor:not(.elementor-drop-cap-view-default) .elementor-drop-cap-letter{width:1em;height:1em}.elementor-widget-text-editor .elementor-drop-cap{float:left;text-align:center;line-height:1;font-size:50px}.elementor-widget-text-editor .elementor-drop-cap-letter{display:inline-block}<\/style>\t\t\t\t<p>Selon que vous soyez <strong>d\u00e9butant<\/strong> ou <strong>intensif<\/strong>, le choix de la <strong>raquette<\/strong> sera totalement diff\u00e9rent de par les <strong>attentes<\/strong> que vous aurez du produit. Plut\u00f4t \u00e9quilibr\u00e9e en manche ou en t\u00eate ? Une raquette <strong>souple<\/strong>, <strong>semi-rigide<\/strong>, <strong>rigide<\/strong> ? Autant de <strong>caract\u00e9ristiques<\/strong> qui vous <strong>perdent<\/strong> et vous emp\u00eachent de choisir la bonne raquette.\u00a0<\/p><p><strong>Le choix<\/strong> d&#8217;une raquette de badminton ou de squash est une <strong>\u00e9tape<\/strong> <strong>importante<\/strong>. Que vous en achetiez une <strong>nouvelle<\/strong> pour le <strong>d\u00e9but<\/strong> de votre pratique ou que vous en changiez car celle que vous aviez ne <strong>vous convient plus<\/strong>, il est <strong>important<\/strong> de <strong>conna\u00eetre<\/strong> ses <strong>besoins<\/strong> afin de mieux cibler le <strong>produit<\/strong> <strong>id\u00e9al<\/strong> pour sa pratique.<\/p><p>Laissez-vous donc guider par les conseils de Records Sports<\/p><p>Et toujours le m\u00eame <strong>service<\/strong> pro de <strong>r\u00e9paration<\/strong> de <strong>cordage\u00a0<\/strong>!<\/p>\t\t\t\t\t\t<\/div>\n\t\t\t\t<\/div>\n\t\t\t\t\t<\/div>\n\t\t<\/div>\n\t\t\t\t\t\t\t<\/div>\n\t\t<\/section>\n\t\t\t\t<section class=\"elementor-section elementor-top-section elementor-element elementor-element-ca3820d animated-slow elementor-section-boxed elementor-section-height-default elementor-section-height-default elementor-invisible\" data-id=\"ca3820d\" data-element_type=\"section\" data-settings=\"{&quot;background_background&quot;:&quot;classic&quot;,&quot;animation&quot;:&quot;fadeIn&quot;}\">\n\t\t\t\t\t\t<div class=\"elementor-container elementor-column-gap-wider\">\n\t\t\t\t\t<div class=\"elementor-column elementor-col-50 elementor-top-column elementor-element elementor-element-50c427d\" data-id=\"50c427d\" data-element_type=\"column\">\n\t\t\t<div class=\"elementor-widget-wrap elementor-element-populated\">\n\t\t\t\t\t\t\t\t<div class=\"elementor-element elementor-element-80eddc3 elementor-invisible elementor-widget elementor-widget-heading\" data-id=\"80eddc3\" data-element_type=\"widget\" data-settings=\"{&quot;_animation&quot;:&quot;fadeIn&quot;,&quot;_animation_delay&quot;:500}\" data-widget_type=\"heading.default\">\n\t\t\t\t<div class=\"elementor-widget-container\">\n\t\t\t<h5 class=\"elementor-heading-title elementor-size-default\">Nos marques<\/h5>\t\t<\/div>\n\t\t\t\t<\/div>\n\t\t\t\t\t<\/div>\n\t\t<\/div>\n\t\t\t\t<div class=\"elementor-column elementor-col-50 elementor-top-column elementor-element elementor-element-11abcd8\" data-id=\"11abcd8\" data-element_type=\"column\">\n\t\t\t<div class=\"elementor-widget-wrap elementor-element-populated\">\n\t\t\t\t\t\t\t\t<section class=\"elementor-section elementor-inner-section elementor-element elementor-element-c93f2cb elementor-section-boxed elementor-section-height-default elementor-section-height-default\" data-id=\"c93f2cb\" data-element_type=\"section\">\n\t\t\t\t\t\t<div class=\"elementor-container elementor-column-gap-default\">\n\t\t\t\t\t<div class=\"elementor-column elementor-col-16 elementor-inner-column elementor-element elementor-element-37cf51d\" data-id=\"37cf51d\" data-element_type=\"column\">\n\t\t\t<div class=\"elementor-widget-wrap elementor-element-populated\">\n\t\t\t\t\t\t\t\t<div class=\"elementor-element elementor-element-02dc07f elementor-widget elementor-widget-image\" data-id=\"02dc07f\" data-element_type=\"widget\" data-widget_type=\"image.default\">\n\t\t\t\t<div class=\"elementor-widget-container\">\n\t\t\t\t\t\t\t\t\t\t\t\t\t\t\t<img decoding=\"async\" loading=\"lazy\" width=\"800\" height=\"198\" src=\"https:\/\/records-sports.be\/wp-content\/uploads\/2023\/05\/Wilson_logo_PNG1-1024x254.png\" class=\"attachment-large size-large wp-image-863\" alt=\"\" srcset=\"https:\/\/records-sports.be\/wp-content\/uploads\/2023\/05\/Wilson_logo_PNG1-1024x254.png 1024w, https:\/\/records-sports.be\/wp-content\/uploads\/2023\/05\/Wilson_logo_PNG1-300x74.png 300w, https:\/\/records-sports.be\/wp-content\/uploads\/2023\/05\/Wilson_logo_PNG1-768x190.png 768w, https:\/\/records-sports.be\/wp-content\/uploads\/2023\/05\/Wilson_logo_PNG1-1536x381.png 1536w, https:\/\/records-sports.be\/wp-content\/uploads\/2023\/05\/Wilson_logo_PNG1-2048x508.png 2048w, https:\/\/records-sports.be\/wp-content\/uploads\/2023\/05\/Wilson_logo_PNG1-600x149.png 600w\" sizes=\"(max-width: 800px) 100vw, 800px\" \/>\t\t\t\t\t\t\t\t\t\t\t\t\t\t\t<\/div>\n\t\t\t\t<\/div>\n\t\t\t\t\t<\/div>\n\t\t<\/div>\n\t\t\t\t<div class=\"elementor-column elementor-col-16 elementor-inner-column elementor-element elementor-element-59e6bed\" data-id=\"59e6bed\" data-element_type=\"column\">\n\t\t\t<div class=\"elementor-widget-wrap elementor-element-populated\">\n\t\t\t\t\t\t\t\t<div class=\"elementor-element elementor-element-791bde4 elementor-widget elementor-widget-image\" data-id=\"791bde4\" data-element_type=\"widget\" data-widget_type=\"image.default\">\n\t\t\t\t<div class=\"elementor-widget-container\">\n\t\t\t\t\t\t\t\t\t\t\t\t\t\t\t<img decoding=\"async\" loading=\"lazy\" width=\"800\" height=\"144\" src=\"https:\/\/records-sports.be\/wp-content\/uploads\/2023\/05\/Logo_Babolat.png\" class=\"attachment-large size-large wp-image-864\" alt=\"\" srcset=\"https:\/\/records-sports.be\/wp-content\/uploads\/2023\/05\/Logo_Babolat.png 800w, https:\/\/records-sports.be\/wp-content\/uploads\/2023\/05\/Logo_Babolat-300x54.png 300w, https:\/\/records-sports.be\/wp-content\/uploads\/2023\/05\/Logo_Babolat-768x138.png 768w, https:\/\/records-sports.be\/wp-content\/uploads\/2023\/05\/Logo_Babolat-600x108.png 600w\" sizes=\"(max-width: 800px) 100vw, 800px\" \/>\t\t\t\t\t\t\t\t\t\t\t\t\t\t\t<\/div>\n\t\t\t\t<\/div>\n\t\t\t\t\t<\/div>\n\t\t<\/div>\n\t\t\t\t<div class=\"elementor-column elementor-col-16 elementor-inner-column elementor-element elementor-element-5c864cf\" data-id=\"5c864cf\" data-element_type=\"column\">\n\t\t\t<div class=\"elementor-widget-wrap elementor-element-populated\">\n\t\t\t\t\t\t\t\t<div class=\"elementor-element elementor-element-07a0664 elementor-widget elementor-widget-image\" data-id=\"07a0664\" data-element_type=\"widget\" data-widget_type=\"image.default\">\n\t\t\t\t<div class=\"elementor-widget-container\">\n\t\t\t\t\t\t\t\t\t\t\t\t\t\t\t<img decoding=\"async\" loading=\"lazy\" width=\"800\" height=\"281\" src=\"https:\/\/records-sports.be\/wp-content\/uploads\/2023\/05\/5a1ed72c4ac6b00ff574e2e6-1024x360.png\" class=\"attachment-large size-large wp-image-865\" alt=\"\" srcset=\"https:\/\/records-sports.be\/wp-content\/uploads\/2023\/05\/5a1ed72c4ac6b00ff574e2e6-1024x360.png 1024w, https:\/\/records-sports.be\/wp-content\/uploads\/2023\/05\/5a1ed72c4ac6b00ff574e2e6-300x106.png 300w, https:\/\/records-sports.be\/wp-content\/uploads\/2023\/05\/5a1ed72c4ac6b00ff574e2e6-768x270.png 768w, https:\/\/records-sports.be\/wp-content\/uploads\/2023\/05\/5a1ed72c4ac6b00ff574e2e6-1536x541.png 1536w, https:\/\/records-sports.be\/wp-content\/uploads\/2023\/05\/5a1ed72c4ac6b00ff574e2e6-600x211.png 600w, https:\/\/records-sports.be\/wp-content\/uploads\/2023\/05\/5a1ed72c4ac6b00ff574e2e6.png 2000w\" sizes=\"(max-width: 800px) 100vw, 800px\" \/>\t\t\t\t\t\t\t\t\t\t\t\t\t\t\t<\/div>\n\t\t\t\t<\/div>\n\t\t\t\t\t<\/div>\n\t\t<\/div>\n\t\t\t\t<div class=\"elementor-column elementor-col-16 elementor-inner-column elementor-element elementor-element-1411648\" data-id=\"1411648\" data-element_type=\"column\">\n\t\t\t<div class=\"elementor-widget-wrap elementor-element-populated\">\n\t\t\t\t\t\t\t\t<div class=\"elementor-element elementor-element-a1782ff elementor-widget elementor-widget-image\" data-id=\"a1782ff\" data-element_type=\"widget\" data-widget_type=\"image.default\">\n\t\t\t\t<div class=\"elementor-widget-container\">\n\t\t\t\t\t\t\t\t\t\t\t\t\t\t\t<img decoding=\"async\" loading=\"lazy\" width=\"800\" height=\"106\" src=\"https:\/\/records-sports.be\/wp-content\/uploads\/2023\/05\/PngItem_6702659-1024x136.png\" class=\"attachment-large size-large wp-image-866\" alt=\"\" srcset=\"https:\/\/records-sports.be\/wp-content\/uploads\/2023\/05\/PngItem_6702659-1024x136.png 1024w, https:\/\/records-sports.be\/wp-content\/uploads\/2023\/05\/PngItem_6702659-300x40.png 300w, https:\/\/records-sports.be\/wp-content\/uploads\/2023\/05\/PngItem_6702659-768x102.png 768w, https:\/\/records-sports.be\/wp-content\/uploads\/2023\/05\/PngItem_6702659-1536x204.png 1536w, https:\/\/records-sports.be\/wp-content\/uploads\/2023\/05\/PngItem_6702659-2048x272.png 2048w, https:\/\/records-sports.be\/wp-content\/uploads\/2023\/05\/PngItem_6702659-600x80.png 600w\" sizes=\"(max-width: 800px) 100vw, 800px\" \/>\t\t\t\t\t\t\t\t\t\t\t\t\t\t\t<\/div>\n\t\t\t\t<\/div>\n\t\t\t\t\t<\/div>\n\t\t<\/div>\n\t\t\t\t<div class=\"elementor-column elementor-col-16 elementor-inner-column elementor-element elementor-element-7f44219\" data-id=\"7f44219\" data-element_type=\"column\">\n\t\t\t<div class=\"elementor-widget-wrap elementor-element-populated\">\n\t\t\t\t\t\t\t\t<div class=\"elementor-element elementor-element-88785ea elementor-widget elementor-widget-image\" data-id=\"88785ea\" data-element_type=\"widget\" data-widget_type=\"image.default\">\n\t\t\t\t<div class=\"elementor-widget-container\">\n\t\t\t\t\t\t\t\t\t\t\t\t\t\t\t<img decoding=\"async\" loading=\"lazy\" width=\"800\" height=\"539\" src=\"https:\/\/records-sports.be\/wp-content\/uploads\/2023\/05\/Adidas_logo.png\" class=\"attachment-large size-large wp-image-867\" alt=\"\" srcset=\"https:\/\/records-sports.be\/wp-content\/uploads\/2023\/05\/Adidas_logo.png 800w, https:\/\/records-sports.be\/wp-content\/uploads\/2023\/05\/Adidas_logo-300x202.png 300w, https:\/\/records-sports.be\/wp-content\/uploads\/2023\/05\/Adidas_logo-768x517.png 768w, https:\/\/records-sports.be\/wp-content\/uploads\/2023\/05\/Adidas_logo-600x404.png 600w\" sizes=\"(max-width: 800px) 100vw, 800px\" \/>\t\t\t\t\t\t\t\t\t\t\t\t\t\t\t<\/div>\n\t\t\t\t<\/div>\n\t\t\t\t\t<\/div>\n\t\t<\/div>\n\t\t\t\t<div class=\"elementor-column elementor-col-16 elementor-inner-column elementor-element elementor-element-180ce1d\" data-id=\"180ce1d\" data-element_type=\"column\">\n\t\t\t<div class=\"elementor-widget-wrap elementor-element-populated\">\n\t\t\t\t\t\t\t\t<div class=\"elementor-element elementor-element-b0e8224 elementor-widget elementor-widget-image\" data-id=\"b0e8224\" data-element_type=\"widget\" data-widget_type=\"image.default\">\n\t\t\t\t<div class=\"elementor-widget-container\">\n\t\t\t\t\t\t\t\t\t\t\t\t\t\t\t<img decoding=\"async\" loading=\"lazy\" width=\"800\" height=\"417\" src=\"https:\/\/records-sports.be\/wp-content\/uploads\/2023\/05\/Nike-Logo-PNG11.png\" class=\"attachment-large size-large wp-image-869\" alt=\"\" srcset=\"https:\/\/records-sports.be\/wp-content\/uploads\/2023\/05\/Nike-Logo-PNG11.png 1024w, https:\/\/records-sports.be\/wp-content\/uploads\/2023\/05\/Nike-Logo-PNG11-300x156.png 300w, https:\/\/records-sports.be\/wp-content\/uploads\/2023\/05\/Nike-Logo-PNG11-768x401.png 768w, https:\/\/records-sports.be\/wp-content\/uploads\/2023\/05\/Nike-Logo-PNG11-600x313.png 600w\" sizes=\"(max-width: 800px) 100vw, 800px\" \/>\t\t\t\t\t\t\t\t\t\t\t\t\t\t\t<\/div>\n\t\t\t\t<\/div>\n\t\t\t\t\t<\/div>\n\t\t<\/div>\n\t\t\t\t\t\t\t<\/div>\n\t\t<\/section>\n\t\t\t\t\t<\/div>\n\t\t<\/div>\n\t\t\t\t\t\t\t<\/div>\n\t\t<\/section>\n\t\t\t\t<section class=\"elementor-section elementor-top-section elementor-element elementor-element-5f61eb5 elementor-section-full_width elementor-section-height-default elementor-section-height-default\" data-id=\"5f61eb5\" data-element_type=\"section\">\n\t\t\t\t\t\t<div class=\"elementor-container elementor-column-gap-default\">\n\t\t\t\t\t<div class=\"elementor-column elementor-col-100 elementor-top-column elementor-element elementor-element-a2d0ee2\" data-id=\"a2d0ee2\" data-element_type=\"column\">\n\t\t\t<div class=\"elementor-widget-wrap elementor-element-populated\">\n\t\t\t\t\t\t\t\t<div class=\"elementor-element elementor-element-5707371 elementor-widget elementor-widget-google_maps\" data-id=\"5707371\" data-element_type=\"widget\" data-widget_type=\"google_maps.default\">\n\t\t\t\t<div class=\"elementor-widget-container\">\n\t\t\t<style>\/*! elementor - v3.13.0 - 08-05-2023 *\/\n.elementor-widget-google_maps .elementor-widget-container{overflow:hidden}.elementor-widget-google_maps .elementor-custom-embed{line-height:0}.elementor-widget-google_maps iframe{height:300px}<\/style>\t\t<div class=\"elementor-custom-embed\">\n\t\t\t<iframe loading=\"lazy\"\n\t\t\t\t\tsrc=\"https:\/\/maps.google.com\/maps?q=Records%20Sports%2C%20Rue%20des%20Sports%208%2C%201348%20Ottignies-Louvain-la-Neuve&#038;t=m&#038;z=14&#038;output=embed&#038;iwloc=near\"\n\t\t\t\t\ttitle=\"Records Sports, Rue des Sports 8, 1348 Ottignies-Louvain-la-Neuve\"\n\t\t\t\t\taria-label=\"Records Sports, Rue des Sports 8, 1348 Ottignies-Louvain-la-Neuve\"\n\t\t\t><\/iframe>\n\t\t<\/div>\n\t\t\t\t<\/div>\n\t\t\t\t<\/div>\n\t\t\t\t\t<\/div>\n\t\t<\/div>\n\t\t\t\t\t\t\t<\/div>\n\t\t<\/section>\n\t\t\t\t\t\t\t<\/div>\n\t\t","protected":false},"excerpt":{"rendered":"<p>Sport de raquette Sport de raquette Selon que vous soyez d\u00e9butant ou intensif, le choix de la raquette sera totalement diff\u00e9rent de par les attentes que vous aurez du produit. Plut\u00f4t \u00e9quilibr\u00e9e en manche ou en t\u00eate ? Une raquette souple, semi-rigide, rigide ? Autant de caract\u00e9ristiques qui vous perdent et vous emp\u00eachent de choisir [&hellip;]<\/p>\n","protected":false},"author":1,"featured_media":0,"parent":0,"menu_order":0,"comment_status":"closed","ping_status":"closed","template":"","meta":{"_themeisle_gutenberg_block_has_review":false,"footnotes":""},"yoast_head":"<!-- This site is optimized with the Yoast SEO plugin v20.13 - https:\/\/yoast.com\/wordpress\/plugins\/seo\/ -->\n<title>Sport de raquette - Record sport<\/title>\n<meta name=\"robots\" content=\"index, follow, max-snippet:-1, max-image-preview:large, max-video-preview:-1\" \/>\n<link rel=\"canonical\" href=\"https:\/\/records-sports.be\/?page_id=1429\" \/>\n<meta property=\"og:locale\" content=\"en_US\" \/>\n<meta property=\"og:type\" content=\"article\" \/>\n<meta property=\"og:title\" content=\"Sport de raquette - Record sport\" \/>\n<meta property=\"og:description\" content=\"Sport de raquette Sport de raquette Selon que vous soyez d\u00e9butant ou intensif, le choix de la raquette sera totalement diff\u00e9rent de par les attentes que vous aurez du produit. Plut\u00f4t \u00e9quilibr\u00e9e en manche ou en t\u00eate ? Une raquette souple, semi-rigide, rigide ? Autant de caract\u00e9ristiques qui vous perdent et vous emp\u00eachent de choisir [&hellip;]\" \/>\n<meta property=\"og:url\" content=\"https:\/\/records-sports.be\/?page_id=1429\" \/>\n<meta property=\"og:site_name\" content=\"Record sport\" \/>\n<meta property=\"article:modified_time\" content=\"2023-09-28T16:19:14+00:00\" \/>\n<meta property=\"og:image\" content=\"http:\/\/records-sports.be\/wp-content\/uploads\/2023\/08\/20230812_130335-768x1024.jpg\" \/>\n<meta name=\"twitter:card\" content=\"summary_large_image\" \/>\n<meta name=\"twitter:label1\" content=\"Est. reading time\" \/>\n\t<meta name=\"twitter:data1\" content=\"2 minutes\" \/>\n<script type=\"application\/ld+json\" class=\"yoast-schema-graph\">{\"@context\":\"https:\/\/schema.org\",\"@graph\":[{\"@type\":\"WebPage\",\"@id\":\"https:\/\/records-sports.be\/?page_id=1429\",\"url\":\"https:\/\/records-sports.be\/?page_id=1429\",\"name\":\"Sport de raquette - Record sport\",\"isPartOf\":{\"@id\":\"https:\/\/records-sports.be\/#website\"},\"datePublished\":\"2023-08-12T20:50:19+00:00\",\"dateModified\":\"2023-09-28T16:19:14+00:00\",\"breadcrumb\":{\"@id\":\"https:\/\/records-sports.be\/?page_id=1429#breadcrumb\"},\"inLanguage\":\"en-US\",\"potentialAction\":[{\"@type\":\"ReadAction\",\"target\":[\"https:\/\/records-sports.be\/?page_id=1429\"]}]},{\"@type\":\"BreadcrumbList\",\"@id\":\"https:\/\/records-sports.be\/?page_id=1429#breadcrumb\",\"itemListElement\":[{\"@type\":\"ListItem\",\"position\":1,\"name\":\"Home\",\"item\":\"https:\/\/records-sports.be\/\"},{\"@type\":\"ListItem\",\"position\":2,\"name\":\"Sport de raquette\"}]},{\"@type\":\"WebSite\",\"@id\":\"https:\/\/records-sports.be\/#website\",\"url\":\"https:\/\/records-sports.be\/\",\"name\":\"Record sport\",\"description\":\"\",\"publisher\":{\"@id\":\"https:\/\/records-sports.be\/#organization\"},\"potentialAction\":[{\"@type\":\"SearchAction\",\"target\":{\"@type\":\"EntryPoint\",\"urlTemplate\":\"https:\/\/records-sports.be\/?s={search_term_string}\"},\"query-input\":\"required name=search_term_string\"}],\"inLanguage\":\"en-US\"},{\"@type\":\"Organization\",\"@id\":\"https:\/\/records-sports.be\/#organization\",\"name\":\"Record sport\",\"url\":\"https:\/\/records-sports.be\/\",\"logo\":{\"@type\":\"ImageObject\",\"inLanguage\":\"en-US\",\"@id\":\"https:\/\/records-sports.be\/#\/schema\/logo\/image\/\",\"url\":\"https:\/\/records-sports.be\/wp-content\/uploads\/2023\/04\/image001.png\",\"contentUrl\":\"https:\/\/records-sports.be\/wp-content\/uploads\/2023\/04\/image001.png\",\"width\":125,\"height\":58,\"caption\":\"Record sport\"},\"image\":{\"@id\":\"https:\/\/records-sports.be\/#\/schema\/logo\/image\/\"}}]}<\/script>\n<!-- \/ Yoast SEO plugin. -->","yoast_head_json":{"title":"Sport de raquette - Record sport","robots":{"index":"index","follow":"follow","max-snippet":"max-snippet:-1","max-image-preview":"max-image-preview:large","max-video-preview":"max-video-preview:-1"},"canonical":"https:\/\/records-sports.be\/?page_id=1429","og_locale":"en_US","og_type":"article","og_title":"Sport de raquette - Record sport","og_description":"Sport de raquette Sport de raquette Selon que vous soyez d\u00e9butant ou intensif, le choix de la raquette sera totalement diff\u00e9rent de par les attentes que vous aurez du produit. Plut\u00f4t \u00e9quilibr\u00e9e en manche ou en t\u00eate ? Une raquette souple, semi-rigide, rigide ? Autant de caract\u00e9ristiques qui vous perdent et vous emp\u00eachent de choisir [&hellip;]","og_url":"https:\/\/records-sports.be\/?page_id=1429","og_site_name":"Record sport","article_modified_time":"2023-09-28T16:19:14+00:00","og_image":[{"url":"http:\/\/records-sports.be\/wp-content\/uploads\/2023\/08\/20230812_130335-768x1024.jpg"}],"twitter_card":"summary_large_image","twitter_misc":{"Est. reading time":"2 minutes"},"schema":{"@context":"https:\/\/schema.org","@graph":[{"@type":"WebPage","@id":"https:\/\/records-sports.be\/?page_id=1429","url":"https:\/\/records-sports.be\/?page_id=1429","name":"Sport de raquette - Record sport","isPartOf":{"@id":"https:\/\/records-sports.be\/#website"},"datePublished":"2023-08-12T20:50:19+00:00","dateModified":"2023-09-28T16:19:14+00:00","breadcrumb":{"@id":"https:\/\/records-sports.be\/?page_id=1429#breadcrumb"},"inLanguage":"en-US","potentialAction":[{"@type":"ReadAction","target":["https:\/\/records-sports.be\/?page_id=1429"]}]},{"@type":"BreadcrumbList","@id":"https:\/\/records-sports.be\/?page_id=1429#breadcrumb","itemListElement":[{"@type":"ListItem","position":1,"name":"Home","item":"https:\/\/records-sports.be\/"},{"@type":"ListItem","position":2,"name":"Sport de raquette"}]},{"@type":"WebSite","@id":"https:\/\/records-sports.be\/#website","url":"https:\/\/records-sports.be\/","name":"Record sport","description":"","publisher":{"@id":"https:\/\/records-sports.be\/#organization"},"potentialAction":[{"@type":"SearchAction","target":{"@type":"EntryPoint","urlTemplate":"https:\/\/records-sports.be\/?s={search_term_string}"},"query-input":"required name=search_term_string"}],"inLanguage":"en-US"},{"@type":"Organization","@id":"https:\/\/records-sports.be\/#organization","name":"Record sport","url":"https:\/\/records-sports.be\/","logo":{"@type":"ImageObject","inLanguage":"en-US","@id":"https:\/\/records-sports.be\/#\/schema\/logo\/image\/","url":"https:\/\/records-sports.be\/wp-content\/uploads\/2023\/04\/image001.png","contentUrl":"https:\/\/records-sports.be\/wp-content\/uploads\/2023\/04\/image001.png","width":125,"height":58,"caption":"Record sport"},"image":{"@id":"https:\/\/records-sports.be\/#\/schema\/logo\/image\/"}}]}},"_links":{"self":[{"href":"https:\/\/records-sports.be\/index.php?rest_route=\/wp\/v2\/pages\/1429"}],"collection":[{"href":"https:\/\/records-sports.be\/index.php?rest_route=\/wp\/v2\/pages"}],"about":[{"href":"https:\/\/records-sports.be\/index.php?rest_route=\/wp\/v2\/types\/page"}],"author":[{"embeddable":true,"href":"https:\/\/records-sports.be\/index.php?rest_route=\/wp\/v2\/users\/1"}],"replies":[{"embeddable":true,"href":"https:\/\/records-sports.be\/index.php?rest_route=%2Fwp%2Fv2%2Fcomments&post=1429"}],"version-history":[{"count":13,"href":"https:\/\/records-sports.be\/index.php?rest_route=\/wp\/v2\/pages\/1429\/revisions"}],"predecessor-version":[{"id":1639,"href":"https:\/\/records-sports.be\/index.php?rest_route=\/wp\/v2\/pages\/1429\/revisions\/1639"}],"wp:attachment":[{"href":"https:\/\/records-sports.be\/index.php?rest_route=%2Fwp%2Fv2%2Fmedia&parent=1429"}],"curies":[{"name":"wp","href":"https:\/\/api.w.org\/{rel}","templated":true}]}}