{"id":1074,"date":"2023-08-03T15:37:45","date_gmt":"2023-08-03T13:37:45","guid":{"rendered":"http:\/\/records-sports.be\/?page_id=1074"},"modified":"2023-08-03T15:39:15","modified_gmt":"2023-08-03T13:39:15","slug":"mention-legales","status":"publish","type":"page","link":"https:\/\/records-sports.be\/?page_id=1074","title":{"rendered":"Mention l\u00e9gales"},"content":{"rendered":"\n<p>Le site SITE (ci-apr\u00e8s &#8220;le Site&#8221;), accessible \u00e0 l\u2019adresse URL est \u00e9dit\u00e9 par PRENOM NOM (ci-apr\u00e8s &#8220;l&#8217;Editeur&#8221;), dont le domicile est situ\u00e9 ADRESSE (TELEPHONE, EMAIL).<\/p>\n\n\n\n<p>RCS NUM RCS VILLE<\/p>\n\n\n\n<p><strong>R\u00e9daction du site Internet<\/strong><\/p>\n\n\n\n<p>Directeur de la publication : PRENOM NOM<\/p>\n\n\n\n<p>Contact : TELEPHONE ; EMAIL<\/p>\n\n\n\n<p><strong>H\u00e9bergeur du site Internet<\/strong><\/p>\n\n\n\n<p>Le site SITE est h\u00e9berg\u00e9 par HEBERGEUR, FORME SOCIALE au capital de FORME SOCIALE euros, dont le si\u00e8ge social est situ\u00e9 ADRESSE HEBERGEUR, joignable par le moyen suivant : TELEPHONE.<\/p>\n\n\n\n<p>l<\/p>\n","protected":false},"excerpt":{"rendered":"<p>Le site SITE (ci-apr\u00e8s &#8220;le Site&#8221;), accessible \u00e0 l\u2019adresse URL est \u00e9dit\u00e9 par PRENOM NOM (ci-apr\u00e8s &#8220;l&#8217;Editeur&#8221;), dont le domicile est situ\u00e9 ADRESSE (TELEPHONE, EMAIL). RCS NUM RCS VILLE R\u00e9daction du site Internet Directeur de la publication : PRENOM NOM Contact : TELEPHONE ; EMAIL H\u00e9bergeur du site Internet Le site SITE est h\u00e9berg\u00e9 par [&hellip;]<\/p>\n","protected":false},"author":1,"featured_media":0,"parent":0,"menu_order":0,"comment_status":"closed","ping_status":"closed","template":"","meta":{"_themeisle_gutenberg_block_has_review":false,"footnotes":""},"yoast_head":"<!-- This site is optimized with the Yoast SEO plugin v20.13 - https:\/\/yoast.com\/wordpress\/plugins\/seo\/ -->\n<title>Mention l\u00e9gales - Record sport<\/title>\n<meta name=\"robots\" content=\"index, follow, max-snippet:-1, max-image-preview:large, max-video-preview:-1\" \/>\n<link rel=\"canonical\" href=\"https:\/\/records-sports.be\/?page_id=1074\" \/>\n<meta property=\"og:locale\" content=\"en_US\" \/>\n<meta property=\"og:type\" content=\"article\" \/>\n<meta property=\"og:title\" content=\"Mention l\u00e9gales - Record sport\" \/>\n<meta property=\"og:description\" content=\"Le site SITE (ci-apr\u00e8s &#8220;le Site&#8221;), accessible \u00e0 l\u2019adresse URL est \u00e9dit\u00e9 par PRENOM NOM (ci-apr\u00e8s &#8220;l&#8217;Editeur&#8221;), dont le domicile est situ\u00e9 ADRESSE (TELEPHONE, EMAIL). RCS NUM RCS VILLE R\u00e9daction du site Internet Directeur de la publication : PRENOM NOM Contact : TELEPHONE ; EMAIL H\u00e9bergeur du site Internet Le site SITE est h\u00e9berg\u00e9 par [&hellip;]\" \/>\n<meta property=\"og:url\" content=\"https:\/\/records-sports.be\/?page_id=1074\" \/>\n<meta property=\"og:site_name\" content=\"Record sport\" \/>\n<meta property=\"article:modified_time\" content=\"2023-08-03T13:39:15+00:00\" \/>\n<meta name=\"twitter:card\" content=\"summary_large_image\" \/>\n<script type=\"application\/ld+json\" class=\"yoast-schema-graph\">{\"@context\":\"https:\/\/schema.org\",\"@graph\":[{\"@type\":\"WebPage\",\"@id\":\"https:\/\/records-sports.be\/?page_id=1074\",\"url\":\"https:\/\/records-sports.be\/?page_id=1074\",\"name\":\"Mention l\u00e9gales - Record sport\",\"isPartOf\":{\"@id\":\"https:\/\/records-sports.be\/#website\"},\"datePublished\":\"2023-08-03T13:37:45+00:00\",\"dateModified\":\"2023-08-03T13:39:15+00:00\",\"breadcrumb\":{\"@id\":\"https:\/\/records-sports.be\/?page_id=1074#breadcrumb\"},\"inLanguage\":\"en-US\",\"potentialAction\":[{\"@type\":\"ReadAction\",\"target\":[\"https:\/\/records-sports.be\/?page_id=1074\"]}]},{\"@type\":\"BreadcrumbList\",\"@id\":\"https:\/\/records-sports.be\/?page_id=1074#breadcrumb\",\"itemListElement\":[{\"@type\":\"ListItem\",\"position\":1,\"name\":\"Home\",\"item\":\"https:\/\/records-sports.be\/\"},{\"@type\":\"ListItem\",\"position\":2,\"name\":\"Mention l\u00e9gales\"}]},{\"@type\":\"WebSite\",\"@id\":\"https:\/\/records-sports.be\/#website\",\"url\":\"https:\/\/records-sports.be\/\",\"name\":\"Record sport\",\"description\":\"\",\"publisher\":{\"@id\":\"https:\/\/records-sports.be\/#organization\"},\"potentialAction\":[{\"@type\":\"SearchAction\",\"target\":{\"@type\":\"EntryPoint\",\"urlTemplate\":\"https:\/\/records-sports.be\/?s={search_term_string}\"},\"query-input\":\"required name=search_term_string\"}],\"inLanguage\":\"en-US\"},{\"@type\":\"Organization\",\"@id\":\"https:\/\/records-sports.be\/#organization\",\"name\":\"Record sport\",\"url\":\"https:\/\/records-sports.be\/\",\"logo\":{\"@type\":\"ImageObject\",\"inLanguage\":\"en-US\",\"@id\":\"https:\/\/records-sports.be\/#\/schema\/logo\/image\/\",\"url\":\"https:\/\/records-sports.be\/wp-content\/uploads\/2023\/04\/image001.png\",\"contentUrl\":\"https:\/\/records-sports.be\/wp-content\/uploads\/2023\/04\/image001.png\",\"width\":125,\"height\":58,\"caption\":\"Record sport\"},\"image\":{\"@id\":\"https:\/\/records-sports.be\/#\/schema\/logo\/image\/\"}}]}<\/script>\n<!-- \/ Yoast SEO plugin. -->","yoast_head_json":{"title":"Mention l\u00e9gales - Record sport","robots":{"index":"index","follow":"follow","max-snippet":"max-snippet:-1","max-image-preview":"max-image-preview:large","max-video-preview":"max-video-preview:-1"},"canonical":"https:\/\/records-sports.be\/?page_id=1074","og_locale":"en_US","og_type":"article","og_title":"Mention l\u00e9gales - Record sport","og_description":"Le site SITE (ci-apr\u00e8s &#8220;le Site&#8221;), accessible \u00e0 l\u2019adresse URL est \u00e9dit\u00e9 par PRENOM NOM (ci-apr\u00e8s &#8220;l&#8217;Editeur&#8221;), dont le domicile est situ\u00e9 ADRESSE (TELEPHONE, EMAIL). RCS NUM RCS VILLE R\u00e9daction du site Internet Directeur de la publication : PRENOM NOM Contact : TELEPHONE ; EMAIL H\u00e9bergeur du site Internet Le site SITE est h\u00e9berg\u00e9 par [&hellip;]","og_url":"https:\/\/records-sports.be\/?page_id=1074","og_site_name":"Record sport","article_modified_time":"2023-08-03T13:39:15+00:00","twitter_card":"summary_large_image","schema":{"@context":"https:\/\/schema.org","@graph":[{"@type":"WebPage","@id":"https:\/\/records-sports.be\/?page_id=1074","url":"https:\/\/records-sports.be\/?page_id=1074","name":"Mention l\u00e9gales - Record sport","isPartOf":{"@id":"https:\/\/records-sports.be\/#website"},"datePublished":"2023-08-03T13:37:45+00:00","dateModified":"2023-08-03T13:39:15+00:00","breadcrumb":{"@id":"https:\/\/records-sports.be\/?page_id=1074#breadcrumb"},"inLanguage":"en-US","potentialAction":[{"@type":"ReadAction","target":["https:\/\/records-sports.be\/?page_id=1074"]}]},{"@type":"BreadcrumbList","@id":"https:\/\/records-sports.be\/?page_id=1074#breadcrumb","itemListElement":[{"@type":"ListItem","position":1,"name":"Home","item":"https:\/\/records-sports.be\/"},{"@type":"ListItem","position":2,"name":"Mention l\u00e9gales"}]},{"@type":"WebSite","@id":"https:\/\/records-sports.be\/#website","url":"https:\/\/records-sports.be\/","name":"Record sport","description":"","publisher":{"@id":"https:\/\/records-sports.be\/#organization"},"potentialAction":[{"@type":"SearchAction","target":{"@type":"EntryPoint","urlTemplate":"https:\/\/records-sports.be\/?s={search_term_string}"},"query-input":"required name=search_term_string"}],"inLanguage":"en-US"},{"@type":"Organization","@id":"https:\/\/records-sports.be\/#organization","name":"Record sport","url":"https:\/\/records-sports.be\/","logo":{"@type":"ImageObject","inLanguage":"en-US","@id":"https:\/\/records-sports.be\/#\/schema\/logo\/image\/","url":"https:\/\/records-sports.be\/wp-content\/uploads\/2023\/04\/image001.png","contentUrl":"https:\/\/records-sports.be\/wp-content\/uploads\/2023\/04\/image001.png","width":125,"height":58,"caption":"Record sport"},"image":{"@id":"https:\/\/records-sports.be\/#\/schema\/logo\/image\/"}}]}},"_links":{"self":[{"href":"https:\/\/records-sports.be\/index.php?rest_route=\/wp\/v2\/pages\/1074"}],"collection":[{"href":"https:\/\/records-sports.be\/index.php?rest_route=\/wp\/v2\/pages"}],"about":[{"href":"https:\/\/records-sports.be\/index.php?rest_route=\/wp\/v2\/types\/page"}],"author":[{"embeddable":true,"href":"https:\/\/records-sports.be\/index.php?rest_route=\/wp\/v2\/users\/1"}],"replies":[{"embeddable":true,"href":"https:\/\/records-sports.be\/index.php?rest_route=%2Fwp%2Fv2%2Fcomments&post=1074"}],"version-history":[{"count":2,"href":"https:\/\/records-sports.be\/index.php?rest_route=\/wp\/v2\/pages\/1074\/revisions"}],"predecessor-version":[{"id":1516,"href":"https:\/\/records-sports.be\/index.php?rest_route=\/wp\/v2\/pages\/1074\/revisions\/1516"}],"wp:attachment":[{"href":"https:\/\/records-sports.be\/index.php?rest_route=%2Fwp%2Fv2%2Fmedia&parent=1074"}],"curies":[{"name":"wp","href":"https:\/\/api.w.org\/{rel}","templated":true}]}}